{"id":3,"date":"2025-08-06T12:10:33","date_gmt":"2025-08-06T12:10:33","guid":{"rendered":"http:\/\/fier-play.fr\/?page_id=3"},"modified":"2025-08-07T14:44:01","modified_gmt":"2025-08-07T13:44:01","slug":"privacy-policy","status":"publish","type":"page","link":"https:\/\/fier-play.fr\/index.php\/privacy-policy\/","title":{"rendered":"Mentions l\u00e9gales"},"content":{"rendered":"\n<p><strong>Mentions l\u00e9gales<\/strong><\/p>\n\n\n\n<p>Fier-Play, Association, dont le si\u00e8ge social se situe au C\/O Monsieur Goupille J\u00e9r\u00e9my, 10 rue Beauregard 75002 Paris, dont le num\u00e9ro de SIRET est est 923 025 423 00016 (ci-apr\u00e8s \u00ab l\u2019Association \u00bb), est l\u2019\u00e9diteur du site Internet http:\/\/www.fier-play.fr\/ (ci-apr\u00e8s le \u00ab Site \u00bb).<\/p>\n\n\n\n<p>Monsieur J\u00e9r\u00e9my Goupille et Madame Fr\u00e9d\u00e9rique Vidal, en qualit\u00e9 de co-pr\u00e9sidents de l\u2019Association, sont les Directeurs de la Publication de ce Site.<\/p>\n\n\n\n<p>Le Site est h\u00e9berg\u00e9 par la soci\u00e9t\u00e9 OVH, situ\u00e9e 2, rue Kellerman 591400 Roubaix France, t\u00e9l\u00e9phone : 0820 598 765, http:\/\/www.ovh.com (link is external).<\/p>\n\n\n\n<p>Si vous rencontrez un probl\u00e8me quelconque lors de votre navigation sur le Site, ou pour toute autre question sur le Site lui-m\u00eame, vous pouvez nous contacter aux coordonn\u00e9es suivantes : contact [@] fier-play.fr.<\/p>\n\n\n\n<p>Cr\u00e9dit photos \/ visuels : Fier-Play &#8211; Benjamin Vodant<\/p>\n\n\n\n<p><strong>Conditions g\u00e9n\u00e9rales d\u2019utilisation<\/strong><\/p>\n\n\n\n<p>i. Champ d\u2019application<\/p>\n\n\n\n<p>L\u2019acc\u00e8s au Site, ainsi que l\u2019utilisation de son contenu, s\u2019effectue dans le cadre des pr\u00e9sentes conditions g\u00e9n\u00e9rales d\u2019utilisation. Le fait d\u2019acc\u00e9der et de naviguer sur le Site constitue de votre part une acceptation sans r\u00e9serve des pr\u00e9sentes conditions g\u00e9n\u00e9rales d\u2019utilisation.<\/p>\n\n\n\n<p>ii. Territorialit\u00e9<\/p>\n\n\n\n<p>Les informations du Site sont \u00e0 l\u2019usage des r\u00e9sidents en France. D\u2019autres pays peuvent avoir acc\u00e8s au Site, dont la r\u00e9glementation peut \u00eatre diff\u00e9rente de la r\u00e9glementation fran\u00e7aise. Les informations du Site pourraient alors ne pas \u00eatre appropri\u00e9es ou conformes \u00e0 la r\u00e9glementation en dehors de la France.<\/p>\n\n\n\n<p>iii. Donn\u00e9es personnelles<\/p>\n\n\n\n<p>Le responsable du traitement est FIER-PLAY.<\/p>\n\n\n\n<p>Les informations recueillies font l\u2019objet d\u2019un traitement informatique destin\u00e9 \u00e0 \u00e9valuer vos demandes et communiquer avec vous. A d\u00e9faut de communication de vos donn\u00e9es personnelles, FIER-PLAY ne sera pas en mesure de traiter vos demandes, conform\u00e9ment aux finalit\u00e9s exprim\u00e9es.<\/p>\n\n\n\n<p>Seule FIER-PLAY est destinataire des donn\u00e9es, ainsi que ses sous-traitants et partenaires.<\/p>\n\n\n\n<p>Conform\u00e9ment \u00e0 la loi \u00ab informatique et libert\u00e9s \u00bb du 6 janvier 1978, vous b\u00e9n\u00e9ficiez d\u2019un droit d\u2019acc\u00e8s et de rectification des donn\u00e9es qui vous concernent, que vous pouvez exercer en vous adressant \u00e0 : contact [@] fier-play.fr .<\/p>\n\n\n\n<p>Vous pouvez \u00e9galement, pour des motifs l\u00e9gitimes, vous opposer au traitement des donn\u00e9es vous concernant.<\/p>\n\n\n\n<p>Dans ce cas, veuillez indiquer la section du Site sur laquelle vous avez communiqu\u00e9 vos informations, et pr\u00e9ciser celles que vous souhaiteriez que FIER-PLAY corrige, mette \u00e0 jour ou supprime, en vous identifiant de mani\u00e8re pr\u00e9cise. Les demandes de suppression de donn\u00e9es personnelles seront soumises aux obligations qui nous sont impos\u00e9es par la loi, notamment en mati\u00e8re de conservation ou d\u2019archivage des documents.<\/p>\n\n\n\n<p>FIER-PLAY ne vendra pas vos donn\u00e9es personnelles \u00e0 des tiers. Vos donn\u00e9es peuvent \u00eatre partag\u00e9es dans le cadre d\u2019une loi ou d\u2019une disposition r\u00e9glementaire en vigueur, d\u2019une ordonnance judiciaire ou d\u2019une r\u00e9glementation gouvernementale, ou si cette divulgation est n\u00e9cessaire dans le cadre d\u2019une enqu\u00eate ou d\u2019une proc\u00e9dure.<\/p>\n\n\n\n<p>Pour assurer la s\u00e9curit\u00e9 et la confidentialit\u00e9 des donn\u00e9es personnelles que nous recueillons en ligne, nous utilisons des r\u00e9seaux prot\u00e9g\u00e9s par des dispositifs standards tels que par pare-feu et mot de passe. Lors du traitement de vos donn\u00e9es personnelles, nous prenons toutes les mesures raisonnables visant \u00e0 les prot\u00e9ger contre toute perte, utilisation d\u00e9tourn\u00e9e, acc\u00e8s non autoris\u00e9, divulgation, alt\u00e9ration ou destruction.<\/p>\n\n\n\n<p>iv. Cookies<\/p>\n\n\n\n<p>Afin de faciliter l\u2019utilisation du Site, nous implantons un cookie dans votre ordinateur. Un cookie enregistre des informations relatives \u00e0 la navigation de votre ordinateur sur notre Site (les pages que vous avez consult\u00e9es, la date et l\u2019heure de la consultation, etc.) que nous pourrons lire lors de vos visites ult\u00e9rieures.<\/p>\n\n\n\n<p>Vous pouvez \u00e0 tout moment vous opposer \u00e0 l\u2019enregistrement de cookies dans votre ordinateur en configurant votre navigateur Internet (barre menu \u00ab Outils \u00bb puis \u00ab Options Internet \u00bb).<\/p>\n\n\n\n<p>v. Pr\u00e9visions et d\u00e9clarations d\u2019intention<\/p>\n\n\n\n<p>Des d\u00e9clarations relatives \u00e0 l\u2019avenir peuvent figurer sur ce Site, lesquelles sont faites en fonction de nos connaissances et convictions. Toutefois, les r\u00e9sultats r\u00e9ellement atteints par notre Association peuvent \u00eatre diff\u00e9rents de ces d\u00e9clarations, dans la mesure o\u00f9 ils d\u00e9pendent d\u2019un ensemble de facteurs, lesquels ne sont pas ma\u00eetris\u00e9s par notre Association. Notre Association n\u2019entend pas r\u00e9aliser une mise \u00e0 jour r\u00e9guli\u00e8re de toutes les d\u00e9clarations pr\u00e9visionnelles contenues sur ce Site.<\/p>\n\n\n\n<p>vi. Droits de propri\u00e9t\u00e9 intellectuelle<\/p>\n\n\n\n<p>Notre Association est titulaire du nom de domaine www.pridehousefrance.com. Le Site est une \u0153uvre de l\u2019esprit prot\u00e9g\u00e9e par des droits de propri\u00e9t\u00e9 intellectuelle. Le Site dans son ensemble et chacun des \u00e9l\u00e9ments qui le composent (tels que textes, arborescences, logiciels, animations, images, photographies, illustrations, sch\u00e9mas, logos, sons, musiques, documents t\u00e9l\u00e9chargeables, etc.) sont, sauf mentions particuli\u00e8res, la propri\u00e9t\u00e9 exclusive de notre Association qui est seule habilit\u00e9e \u00e0 utiliser les droits de propri\u00e9t\u00e9 intellectuelle y aff\u00e9rents.<\/p>\n\n\n\n<p>Les marques et noms de domaine, ainsi que les dessins et mod\u00e8les qui apparaissent sur le Site, sont la propri\u00e9t\u00e9 exclusive de notre Association, sauf mentions particuli\u00e8res. Toute reproduction ou utilisation des ces marques, noms de domaine, dessins et mod\u00e8les, de quelque mani\u00e8re et \u00e0 quelque titre que ce soit, est interdite de m\u00eame que leur alt\u00e9ration.<\/p>\n\n\n\n<p>En cons\u00e9quence, en application des dispositions du Code de la Propri\u00e9t\u00e9 Intellectuelle, des dispositions l\u00e9gislatives et r\u00e9glementaires de tous pays et des conventions internationales, l\u2019usage de tout ou partie du Site, notamment par t\u00e9l\u00e9chargement, reproduction, transmission, repr\u00e9sentation ou diffusion, \u00e0 d\u2019autres fins que pour votre usage personnel, priv\u00e9 et temporaire dans un but non commercial, est strictement interdit.<\/p>\n\n\n\n<p>La violation de ces dispositions vous soumet aux sanctions pr\u00e9vues tant par le Code de la Propri\u00e9t\u00e9 Intellectuelle et le Code P\u00e9nal, au titre notamment de la contrefa\u00e7on de droit d\u2019auteur et de droit des marques, que par le Code Civil en mati\u00e8re de responsabilit\u00e9 civile.<\/p>\n\n\n\n<p>Notre Association est libre de modifier, \u00e0 tout moment et sans pr\u00e9avis, le contenu du Site.<\/p>\n\n\n\n<p>vii. Garanties et responsabilit\u00e9<\/p>\n\n\n\n<p>Notre Association s\u2019efforce d\u2019assurer au mieux que les informations accessibles par l\u2019interm\u00e9diaire du Site sont exactes et mises \u00e0 jour. Cependant, notre Association ne garantit en aucune mani\u00e8re que ces informations soient exactes, compl\u00e8tes et \u00e0 jour. Notre Association n\u2019assure aucune garantie, expresse ou tacite, concernant tout ou partie du Site.<\/p>\n\n\n\n<p>En aucun cas, notre Association ne peut \u00eatre tenue pour responsable d\u2019un quelconque dommage direct ou indirect, quelle qu\u2019en soit la cause, l\u2019origine, la nature et\/ou les cons\u00e9quences, d\u00e9coulant de la consultation et\/ou de l\u2019utilisation du Site. Notamment, notre Association d\u00e9cline toute responsabilit\u00e9 en cas d\u2019interruption ou d\u2019inaccessibilit\u00e9 du Site, de survenance de bogues, de tout dommage r\u00e9sultant d\u2019actes frauduleux de tiers \u00e0 partir du Site (tels que des intrusions par exemple).<\/p>\n\n\n\n<p>Notre Association met en \u0153uvre des moyens destin\u00e9s \u00e0 assurer la s\u00e9curit\u00e9 des fichiers constitu\u00e9s \u00e0 partir des donn\u00e9es \u00e0 caract\u00e8re personnel collect\u00e9es sur le Site. Notre Association ne ma\u00eetrise pas les risques li\u00e9s au fonctionnement d\u2019Internet et attire votre attention sur l\u2019existence d\u2019\u00e9ventuels risques en terme de confidentialit\u00e9 des donn\u00e9es transitant via ce r\u00e9seau.<\/p>\n\n\n\n<p>viii. Liens hypertexte<\/p>\n\n\n\n<p>Les pages de ce Site peuvent contenir des liens hypertexte vers d\u2019autres sites Internet exploit\u00e9s par des tiers. Nos liens hypertexte vers les sites Internet de tiers sont simplement destin\u00e9s \u00e0 vous faciliter la navigation. Notre Association n\u2019a aucun contr\u00f4le sur le contenu actuel ou futur des sites Internet de tiers vers lesquels conduisent les liens hypertexte du Site. Notre Association fait simplement r\u00e9f\u00e9rence \u00e0 ces sites Internet de tiers, mais ne s\u2019associe en aucune mani\u00e8re \u00e0 leur contenu.<\/p>\n\n\n\n<p>Par cons\u00e9quent, notre Association d\u00e9cline toute responsabilit\u00e9 (notamment \u00e9ditoriale) concernant l\u2019acc\u00e8s et\/ou le contenu des sites Internet de tiers. En particulier, notre Association n\u2019assume aucune responsabilit\u00e9 relative \u00e0 une quelconque violation de droit d\u2019auteur, marques ou autres droits de propri\u00e9t\u00e9 intellectuelle pouvant r\u00e9sulter de l\u2019acc\u00e8s \u00e0 une page par un lien hypertexte. La responsabilit\u00e9 d\u00e9coulant de toute information ill\u00e9gale, impropre ou incompl\u00e8te contenue sur un site Internet de tiers, et en particulier pour tout dommage caus\u00e9 par l\u2019utilisation ou la non-utilisation de ces informations, est imputable uniquement \u00e0 l\u2019\u00e9diteur du site Internet en question, et non \u00e0 notre Association.<\/p>\n\n\n\n<p>La cr\u00e9ation de liens hypertexte vers le Site, autre que vers sa page d\u2019accueil, ne peut \u00eatre faite qu\u2019avec l\u2019autorisation pr\u00e9alable, \u00e9crite et expresse de notre Association, laquelle autorisation peut \u00eatre r\u00e9voqu\u00e9e \u00e0 tout moment et sans indemnit\u00e9. En aucun cas, les pages du Site ne doivent se retrouver imbriqu\u00e9es \u00e0 l\u2019int\u00e9rieur des pages d\u2019un autre site Internet. Dans tous les cas, un message doit indiquer au visiteur que celui-ci change de site.<\/p>\n\n\n\n<p>ix. Modification des pr\u00e9sentes conditions<\/p>\n\n\n\n<p>Notre Association vous informe que les pr\u00e9sentes conditions g\u00e9n\u00e9rales d\u2019utilisation peuvent \u00eatre modifi\u00e9es \u00e0 tout moment et sans pr\u00e9avis. Ces modifications sont publi\u00e9es par leur mise en ligne et sont r\u00e9put\u00e9es accept\u00e9es sans r\u00e9serve lorsque vous acc\u00e9dez au Site post\u00e9rieurement \u00e0 leur mise en ligne. Nous vous recommandons de consulter r\u00e9guli\u00e8rement les pr\u00e9sentes conditions.<\/p>\n\n\n\n<p>x. Litiges<\/p>\n\n\n\n<p>Les pr\u00e9sentes conditions g\u00e9n\u00e9rales d\u2019utilisation sont soumises au droit fran\u00e7ais, notamment les dispositions de la Loi n\u00b02004-575 du 21 juin 2004 \u00ab pour la confiance dans l\u2019\u00e9conomie num\u00e9rique \u00bb, ainsi que la Loi n\u00b078-17 du 6 janvier 1978 \u00ab relative \u00e0 l\u2019informatique, aux fichiers et aux libert\u00e9s \u00bb.<\/p>\n\n\n\n<p>Les juridictions fran\u00e7aises sont territorialement comp\u00e9tentes pour conna\u00eetre de tout litige aff\u00e9rent au Site.<\/p>\n","protected":false},"excerpt":{"rendered":"<p>Mentions l\u00e9gales Fier-Play, Association, dont le si\u00e8ge social se situe au C\/O Monsieur Goupille J\u00e9r\u00e9my, 10 rue Beauregard 75002 Paris, dont le num\u00e9ro de SIRET est est 923 025 423 00016 (ci-apr\u00e8s \u00ab l\u2019Association \u00bb), est l\u2019\u00e9diteur du site Internet http:\/\/www.fier-play.fr\/ (ci-apr\u00e8s le \u00ab Site \u00bb). Monsieur J\u00e9r\u00e9my Goupille et Madame Fr\u00e9d\u00e9rique Vidal, en qualit\u00e9 [&hellip;]<\/p>\n","protected":false},"author":1,"featured_media":0,"parent":0,"menu_order":0,"comment_status":"closed","ping_status":"closed","template":"","meta":{"saved_in_kubio":true,"footnotes":""},"class_list":["post-3","page","type-page","status-publish","hentry"],"kubio_ai_page_context":{"short_desc":"","purpose":"general"},"_links":{"self":[{"href":"https:\/\/fier-play.fr\/index.php\/wp-json\/wp\/v2\/pages\/3","targetHints":{"allow":["GET"]}}],"collection":[{"href":"https:\/\/fier-play.fr\/index.php\/wp-json\/wp\/v2\/pages"}],"about":[{"href":"https:\/\/fier-play.fr\/index.php\/wp-json\/wp\/v2\/types\/page"}],"author":[{"embeddable":true,"href":"https:\/\/fier-play.fr\/index.php\/wp-json\/wp\/v2\/users\/1"}],"replies":[{"embeddable":true,"href":"https:\/\/fier-play.fr\/index.php\/wp-json\/wp\/v2\/comments?post=3"}],"version-history":[{"count":3,"href":"https:\/\/fier-play.fr\/index.php\/wp-json\/wp\/v2\/pages\/3\/revisions"}],"predecessor-version":[{"id":153,"href":"https:\/\/fier-play.fr\/index.php\/wp-json\/wp\/v2\/pages\/3\/revisions\/153"}],"wp:attachment":[{"href":"https:\/\/fier-play.fr\/index.php\/wp-json\/wp\/v2\/media?parent=3"}],"curies":[{"name":"wp","href":"https:\/\/api.w.org\/{rel}","templated":true}]}}